{"id":6213,"date":"2022-10-26T07:42:42","date_gmt":"2022-10-26T05:42:42","guid":{"rendered":"https:\/\/www.smart-move.si\/o-projektu\/"},"modified":"2023-02-23T10:11:34","modified_gmt":"2023-02-23T09:11:34","slug":"about","status":"publish","type":"page","link":"https:\/\/www.smart-move.si\/en\/about\/","title":{"rendered":"About"},"content":{"rendered":"<div class=\"fusion-fullwidth fullwidth-box fusion-builder-row-1 fusion-flex-container nonhundred-percent-fullwidth non-hundred-percent-height-scrolling fusion-animated\" style=\"--awb-border-sizes-top:0px;--awb-border-sizes-bottom:0px;--awb-border-sizes-left:0px;--awb-border-sizes-right:0px;--awb-border-radius-top-left:0px;--awb-border-radius-top-right:0px;--awb-border-radius-bottom-right:0px;--awb-border-radius-bottom-left:0px;--awb-margin-bottom:120px;--awb-margin-bottom-medium:80px;--awb-margin-bottom-small:60px;\" data-animationType=\"fadeInUp\" data-animationDuration=\"1.3\" data-animationOffset=\"top-into-view\" ><div class=\"fusion-builder-row fusion-row fusion-flex-align-items-center\" style=\"max-width:calc( 1300px + 0px );margin-left: calc(-0px \/ 2 );margin-right: calc(-0px \/ 2 );\"><div class=\"fusion-layout-column fusion_builder_column fusion-builder-column-0 fusion_builder_column_1_1 1_1 fusion-flex-column\" style=\"--awb-bg-size:cover;--awb-width-large:100%;--awb-spacing-right-large:0px;--awb-spacing-left-large:0px;--awb-width-medium:100%;--awb-order-medium:0;--awb-spacing-right-medium:0px;--awb-spacing-left-medium:0px;--awb-width-small:100%;--awb-order-small:0;--awb-spacing-right-small:0px;--awb-spacing-left-small:0px;\"><div class=\"fusion-column-wrapper fusion-column-has-shadow fusion-flex-justify-content-flex-start fusion-content-layout-column\"><div class=\"fusion-text fusion-text-1\"><p>Projekt SmartMOVE: Pametne re\u0161itve za trajnostno mobilnost je namenjen upravljanju trajnostne mobilnosti na lokacijah z veliko prometa v Ljubljani in okolici. Z namenom zmanj\u0161anja koli\u010dine prometa in emisij bodo v okviru projekta za izbrane ustanove, ki ustvarjajo veliko prometa, denimo Univerzitetni klini\u010dni center Ljubljana in obmo\u010dje BTC, izdelani mobilnostni na\u010drti, ki z razli\u010dnimi ukrepi optimizirajo parkiranje in spodbujajo uporabo trajnostnih na\u010dinov potovanj pri zaposlenih.<\/p>\n<p>Kot nova alternativa prihoda na delovno mesto iz doma\u010dega naslova bo preizku\u0161en skupinski dinami\u010dni prevoz. Vzpostavljen bo tudi Certifikat za trajnostno mobilnost in pripravljena priporo\u010dila za strate\u0161ke usmeritve.<\/p>\n<\/div><\/div><\/div><\/div><\/div>\n","protected":false},"excerpt":{"rendered":"","protected":false},"author":1,"featured_media":5850,"parent":0,"menu_order":0,"comment_status":"closed","ping_status":"closed","template":"100-width.php","meta":{"footnotes":""},"class_list":["post-6213","page","type-page","status-publish","has-post-thumbnail","hentry"],"yoast_head":"<!-- This site is optimized with the Yoast SEO plugin v20.1 - https:\/\/yoast.com\/wordpress\/plugins\/seo\/ -->\n<title>About - SmartMOVE<\/title>\n<meta name=\"robots\" content=\"index, follow, max-snippet:-1, max-image-preview:large, max-video-preview:-1\" \/>\n<link rel=\"canonical\" href=\"https:\/\/www.smart-move.si\/en\/about\/\" \/>\n<meta property=\"og:locale\" content=\"en_US\" \/>\n<meta property=\"og:type\" content=\"article\" \/>\n<meta property=\"og:title\" content=\"About - SmartMOVE\" \/>\n<meta property=\"og:url\" content=\"https:\/\/www.smart-move.si\/en\/about\/\" \/>\n<meta property=\"og:site_name\" content=\"SmartMOVE\" \/>\n<meta property=\"article:modified_time\" content=\"2023-02-23T09:11:34+00:00\" \/>\n<meta property=\"og:image\" content=\"https:\/\/www.smart-move.si\/wp-content\/uploads\/2022\/10\/slide1-pametne-resitve.jpg\" \/>\n\t<meta property=\"og:image:width\" content=\"1920\" \/>\n\t<meta property=\"og:image:height\" content=\"915\" \/>\n\t<meta property=\"og:image:type\" content=\"image\/jpeg\" \/>\n<meta name=\"twitter:card\" content=\"summary_large_image\" \/>\n<meta name=\"twitter:label1\" content=\"Est. reading time\" \/>\n\t<meta name=\"twitter:data1\" content=\"2 minutes\" \/>\n<script type=\"application\/ld+json\" class=\"yoast-schema-graph\">{\"@context\":\"https:\/\/schema.org\",\"@graph\":[{\"@type\":\"WebPage\",\"@id\":\"https:\/\/www.smart-move.si\/en\/about\/\",\"url\":\"https:\/\/www.smart-move.si\/en\/about\/\",\"name\":\"About - SmartMOVE\",\"isPartOf\":{\"@id\":\"https:\/\/www.smart-move.si\/en\/#website\"},\"datePublished\":\"2022-10-26T05:42:42+00:00\",\"dateModified\":\"2023-02-23T09:11:34+00:00\",\"breadcrumb\":{\"@id\":\"https:\/\/www.smart-move.si\/en\/about\/#breadcrumb\"},\"inLanguage\":\"en-US\",\"potentialAction\":[{\"@type\":\"ReadAction\",\"target\":[\"https:\/\/www.smart-move.si\/en\/about\/\"]}]},{\"@type\":\"BreadcrumbList\",\"@id\":\"https:\/\/www.smart-move.si\/en\/about\/#breadcrumb\",\"itemListElement\":[{\"@type\":\"ListItem\",\"position\":1,\"name\":\"Home\",\"item\":\"https:\/\/www.smart-move.si\/en\/\"},{\"@type\":\"ListItem\",\"position\":2,\"name\":\"About\"}]},{\"@type\":\"WebSite\",\"@id\":\"https:\/\/www.smart-move.si\/en\/#website\",\"url\":\"https:\/\/www.smart-move.si\/en\/\",\"name\":\"SmartMOVE\",\"description\":\"Pametne re\u0161itve za trajnostno mobilnost\",\"publisher\":{\"@id\":\"https:\/\/www.smart-move.si\/en\/#organization\"},\"potentialAction\":[{\"@type\":\"SearchAction\",\"target\":{\"@type\":\"EntryPoint\",\"urlTemplate\":\"https:\/\/www.smart-move.si\/en\/?s={search_term_string}\"},\"query-input\":\"required name=search_term_string\"}],\"inLanguage\":\"en-US\"},{\"@type\":\"Organization\",\"@id\":\"https:\/\/www.smart-move.si\/en\/#organization\",\"name\":\"SmartMOVE\",\"url\":\"https:\/\/www.smart-move.si\/en\/\",\"logo\":{\"@type\":\"ImageObject\",\"inLanguage\":\"en-US\",\"@id\":\"https:\/\/www.smart-move.si\/en\/#\/schema\/logo\/image\/\",\"url\":\"https:\/\/www.smart-move.si\/wp-content\/uploads\/2022\/10\/favicon.png\",\"contentUrl\":\"https:\/\/www.smart-move.si\/wp-content\/uploads\/2022\/10\/favicon.png\",\"width\":174,\"height\":125,\"caption\":\"SmartMOVE\"},\"image\":{\"@id\":\"https:\/\/www.smart-move.si\/en\/#\/schema\/logo\/image\/\"}}]}<\/script>\n<!-- \/ Yoast SEO plugin. -->","yoast_head_json":{"title":"About - SmartMOVE","robots":{"index":"index","follow":"follow","max-snippet":"max-snippet:-1","max-image-preview":"max-image-preview:large","max-video-preview":"max-video-preview:-1"},"canonical":"https:\/\/www.smart-move.si\/en\/about\/","og_locale":"en_US","og_type":"article","og_title":"About - SmartMOVE","og_url":"https:\/\/www.smart-move.si\/en\/about\/","og_site_name":"SmartMOVE","article_modified_time":"2023-02-23T09:11:34+00:00","og_image":[{"width":1920,"height":915,"url":"https:\/\/www.smart-move.si\/wp-content\/uploads\/2022\/10\/slide1-pametne-resitve.jpg","type":"image\/jpeg"}],"twitter_card":"summary_large_image","twitter_misc":{"Est. reading time":"2 minutes"},"schema":{"@context":"https:\/\/schema.org","@graph":[{"@type":"WebPage","@id":"https:\/\/www.smart-move.si\/en\/about\/","url":"https:\/\/www.smart-move.si\/en\/about\/","name":"About - SmartMOVE","isPartOf":{"@id":"https:\/\/www.smart-move.si\/en\/#website"},"datePublished":"2022-10-26T05:42:42+00:00","dateModified":"2023-02-23T09:11:34+00:00","breadcrumb":{"@id":"https:\/\/www.smart-move.si\/en\/about\/#breadcrumb"},"inLanguage":"en-US","potentialAction":[{"@type":"ReadAction","target":["https:\/\/www.smart-move.si\/en\/about\/"]}]},{"@type":"BreadcrumbList","@id":"https:\/\/www.smart-move.si\/en\/about\/#breadcrumb","itemListElement":[{"@type":"ListItem","position":1,"name":"Home","item":"https:\/\/www.smart-move.si\/en\/"},{"@type":"ListItem","position":2,"name":"About"}]},{"@type":"WebSite","@id":"https:\/\/www.smart-move.si\/en\/#website","url":"https:\/\/www.smart-move.si\/en\/","name":"SmartMOVE","description":"Pametne re\u0161itve za trajnostno mobilnost","publisher":{"@id":"https:\/\/www.smart-move.si\/en\/#organization"},"potentialAction":[{"@type":"SearchAction","target":{"@type":"EntryPoint","urlTemplate":"https:\/\/www.smart-move.si\/en\/?s={search_term_string}"},"query-input":"required name=search_term_string"}],"inLanguage":"en-US"},{"@type":"Organization","@id":"https:\/\/www.smart-move.si\/en\/#organization","name":"SmartMOVE","url":"https:\/\/www.smart-move.si\/en\/","logo":{"@type":"ImageObject","inLanguage":"en-US","@id":"https:\/\/www.smart-move.si\/en\/#\/schema\/logo\/image\/","url":"https:\/\/www.smart-move.si\/wp-content\/uploads\/2022\/10\/favicon.png","contentUrl":"https:\/\/www.smart-move.si\/wp-content\/uploads\/2022\/10\/favicon.png","width":174,"height":125,"caption":"SmartMOVE"},"image":{"@id":"https:\/\/www.smart-move.si\/en\/#\/schema\/logo\/image\/"}}]}},"_links":{"self":[{"href":"https:\/\/www.smart-move.si\/en\/wp-json\/wp\/v2\/pages\/6213","targetHints":{"allow":["GET"]}}],"collection":[{"href":"https:\/\/www.smart-move.si\/en\/wp-json\/wp\/v2\/pages"}],"about":[{"href":"https:\/\/www.smart-move.si\/en\/wp-json\/wp\/v2\/types\/page"}],"author":[{"embeddable":true,"href":"https:\/\/www.smart-move.si\/en\/wp-json\/wp\/v2\/users\/1"}],"replies":[{"embeddable":true,"href":"https:\/\/www.smart-move.si\/en\/wp-json\/wp\/v2\/comments?post=6213"}],"version-history":[{"count":2,"href":"https:\/\/www.smart-move.si\/en\/wp-json\/wp\/v2\/pages\/6213\/revisions"}],"predecessor-version":[{"id":6434,"href":"https:\/\/www.smart-move.si\/en\/wp-json\/wp\/v2\/pages\/6213\/revisions\/6434"}],"wp:featuredmedia":[{"embeddable":true,"href":"https:\/\/www.smart-move.si\/en\/wp-json\/wp\/v2\/media\/5850"}],"wp:attachment":[{"href":"https:\/\/www.smart-move.si\/en\/wp-json\/wp\/v2\/media?parent=6213"}],"curies":[{"name":"wp","href":"https:\/\/api.w.org\/{rel}","templated":true}]}}